{"id":361,"date":"2018-06-13T13:14:35","date_gmt":"2018-06-13T11:14:35","guid":{"rendered":"http:\/\/localhost\/06_Juni_2018\/tourismusverein_lavamuend\/_website_v1\/?page_id=361"},"modified":"2019-07-17T09:45:58","modified_gmt":"2019-07-17T07:45:58","slug":"motorrad","status":"publish","type":"page","link":"https:\/\/lavamuend.smd-test.at\/de_DE\/motorrad\/","title":{"rendered":"Motorrad"},"content":{"rendered":"[vc_row type=&#8220;full_width_content&#8220; full_screen_row_position=&#8220;middle&#8220; equal_height=&#8220;yes&#8220; content_placement=&#8220;middle&#8220; bg_color=&#8220;#ffffff&#8220; scene_position=&#8220;center&#8220; text_color=&#8220;dark&#8220; text_align=&#8220;left&#8220; overlay_strength=&#8220;0.3&#8243; shape_divider_position=&#8220;bottom&#8220;][vc_column column_padding=&#8220;padding-7-percent&#8220; column_padding_position=&#8220;all&#8220; background_color=&#8220;#f9f9f9&#8243; background_color_opacity=&#8220;1&#8243; background_hover_color_opacity=&#8220;1&#8243; column_shadow=&#8220;none&#8220; column_border_radius=&#8220;none&#8220; width=&#8220;1\/2&#8243; tablet_text_alignment=&#8220;default&#8220; phone_text_alignment=&#8220;default&#8220; column_border_width=&#8220;none&#8220; column_border_style=&#8220;solid&#8220;][vc_row_inner column_margin=&#8220;default&#8220; text_align=&#8220;left&#8220;][vc_column_inner enable_animation=&#8220;true&#8220; animation=&#8220;fade-in-from-bottom&#8220; column_padding=&#8220;no-extra-padding&#8220; column_padding_position=&#8220;all&#8220; background_color_opacity=&#8220;1&#8243; background_hover_color_opacity=&#8220;1&#8243; column_shadow=&#8220;none&#8220; column_border_radius=&#8220;none&#8220; width=&#8220;1\/1&#8243; column_border_width=&#8220;none&#8220; column_border_style=&#8220;solid&#8220;][vc_custom_heading text=&#8220;Motorrad&#8220; font_container=&#8220;tag:h2|font_size:40|text_align:left|line_height:50px&#8220; use_theme_fonts=&#8220;yes&#8220;][divider line_type=&#8220;Small Line&#8220; line_thickness=&#8220;5&#8243; divider_color=&#8220;accent-color&#8220; animate=&#8220;yes&#8220;][vc_column_text]Lavam\u00fcnd ist ein idealer Ausgangs- und Zielpunkt f\u00fcr wundersch\u00f6ne Motorradtouren in den gesamten S\u00fcdk\u00e4rntner Raum mit seinen vielen Seen und Bergstra\u00dfen, ins benachbarte Slowenien oder in die Steiermark. Biker profitieren von den vielen Vorteilen in den motorradfreundlichen Betrieben.<\/p>\n[\/vc_column_text][\/vc_column_inner][\/vc_row_inner][\/vc_column][vc_column column_padding=&#8220;no-extra-padding&#8220; column_padding_position=&#8220;all&#8220; background_color_opacity=&#8220;1&#8243; background_hover_color_opacity=&#8220;1&#8243; background_image=&#8220;1032&#8243; enable_bg_scale=&#8220;true&#8220; column_shadow=&#8220;none&#8220; column_border_radius=&#8220;none&#8220; width=&#8220;1\/2&#8243; tablet_text_alignment=&#8220;default&#8220; phone_text_alignment=&#8220;default&#8220; column_border_width=&#8220;none&#8220; column_border_style=&#8220;solid&#8220;][\/vc_column][\/vc_row][vc_row type=&#8220;full_width_content&#8220; full_screen_row_position=&#8220;middle&#8220; equal_height=&#8220;yes&#8220; content_placement=&#8220;middle&#8220; scene_position=&#8220;center&#8220; text_color=&#8220;dark&#8220; text_align=&#8220;left&#8220; overlay_strength=&#8220;0.3&#8243; shape_divider_position=&#8220;bottom&#8220; shape_type=&#8220;&#8220;][vc_column column_padding=&#8220;no-extra-padding&#8220; column_padding_position=&#8220;all&#8220; background_color_opacity=&#8220;1&#8243; background_hover_color_opacity=&#8220;1&#8243; background_image=&#8220;1033&#8243; enable_bg_scale=&#8220;true&#8220; column_shadow=&#8220;none&#8220; column_border_radius=&#8220;none&#8220; width=&#8220;1\/2&#8243; tablet_text_alignment=&#8220;default&#8220; phone_text_alignment=&#8220;default&#8220; column_border_width=&#8220;none&#8220; column_border_style=&#8220;solid&#8220;][\/vc_column][vc_column column_padding=&#8220;padding-7-percent&#8220; column_padding_position=&#8220;all&#8220; background_color=&#8220;#ffffff&#8220; background_color_opacity=&#8220;1&#8243; background_hover_color_opacity=&#8220;1&#8243; column_shadow=&#8220;none&#8220; column_border_radius=&#8220;none&#8220; width=&#8220;1\/2&#8243; tablet_text_alignment=&#8220;default&#8220; phone_text_alignment=&#8220;default&#8220; column_border_width=&#8220;none&#8220; column_border_style=&#8220;solid&#8220;][vc_row_inner column_margin=&#8220;default&#8220; text_align=&#8220;left&#8220;][vc_column_inner enable_animation=&#8220;true&#8220; animation=&#8220;fade-in-from-bottom&#8220; column_padding=&#8220;no-extra-padding&#8220; column_padding_position=&#8220;all&#8220; background_color_opacity=&#8220;1&#8243; background_hover_color_opacity=&#8220;1&#8243; column_shadow=&#8220;none&#8220; column_border_radius=&#8220;none&#8220; width=&#8220;1\/1&#8243; column_border_width=&#8220;none&#8220; column_border_style=&#8220;solid&#8220;][vc_custom_heading text=&#8220;Motorrad Touren&#8220; font_container=&#8220;tag:h2|font_size:40|text_align:left|line_height:50px&#8220; use_theme_fonts=&#8220;yes&#8220;][divider line_type=&#8220;Small Line&#8220; line_thickness=&#8220;5&#8243; divider_color=&#8220;accent-color&#8220; animate=&#8220;yes&#8220;][vc_column_text]Als Geheimtipp unter den Motorradfahrern ist sicherlich die Sobother Bundesstra\u00dfe B69 zu bezeichnen. Sie geh\u00f6rt f\u00fcr die Biker zu den sch\u00f6nsten Ausflugsstrecken \u00fcberhaupt. Lavam\u00fcnd liegt am Fu\u00dfe der Soboth und der im Bikerdeutsch liebevoll bezeichneten <strong>Route 69<\/strong>. Aber Achtung: wer zu Selbst\u00fcbersch\u00e4tzung neigt, sollte diese sch\u00f6ne, aber auch kurvenreiche Strecke nicht untersch\u00e4tzen.<\/p>\n<p>Unsere <strong>Routentipps <\/strong>richten sich daher an all jene Biker, die viel Abwechslung in einer sehr reizvollen nat\u00fcrlichen Landschaft suchen:[\/vc_column_text][nectar_btn size=&#8220;jumbo&#8220; button_style=&#8220;see-through-2&#8243; color_override=&#8220;#2892d7&#8243; hover_text_color_override=&#8220;#ffffff&#8220; icon_family=&#8220;none&#8220; url=&#8220;motorradtouren&#8220; text=&#8220;Zu den Motorradtouren&#8220;][\/vc_column_inner][\/vc_row_inner][\/vc_column][\/vc_row][vc_row type=&#8220;in_container&#8220; full_screen_row_position=&#8220;middle&#8220; scene_position=&#8220;center&#8220; text_color=&#8220;dark&#8220; text_align=&#8220;left&#8220; top_padding=&#8220;4%&#8220; bottom_padding=&#8220;3.5%&#8220; id=&#8220;six-button-area-full-width&#8220; overlay_strength=&#8220;0.3&#8243; shape_divider_position=&#8220;bottom&#8220; shape_type=&#8220;&#8220;][vc_column column_padding=&#8220;no-extra-padding&#8220; column_padding_position=&#8220;all&#8220; background_color_opacity=&#8220;1&#8243; background_hover_color_opacity=&#8220;1&#8243; column_shadow=&#8220;none&#8220; column_border_radius=&#8220;none&#8220; width=&#8220;1\/1&#8243; tablet_text_alignment=&#8220;default&#8220; phone_text_alignment=&#8220;default&#8220; column_border_width=&#8220;none&#8220; column_border_style=&#8220;solid&#8220;][split_line_heading]\n<h2 style=\"text-align: center;\">Weitere Informationen<\/h2>\n[\/split_line_heading][vc_row_inner equal_height=&#8220;yes&#8220; content_placement=&#8220;middle&#8220; column_margin=&#8220;default&#8220; text_align=&#8220;left&#8220;][vc_column_inner column_padding=&#8220;no-extra-padding&#8220; column_padding_position=&#8220;all&#8220; background_color_opacity=&#8220;1&#8243; background_hover_color_opacity=&#8220;1&#8243; column_shadow=&#8220;none&#8220; column_border_radius=&#8220;none&#8220; width=&#8220;1\/2&#8243; column_border_width=&#8220;none&#8220; column_border_style=&#8220;solid&#8220; offset=&#8220;vc_col-lg-6&#8243;][nectar_btn size=&#8220;large&#8220; button_style=&#8220;see-through-2&#8243; color_override=&#8220;#2892d7&#8243; hover_text_color_override=&#8220;#ffffff&#8220; icon_family=&#8220;none&#8220; url=&#8220;motorradtouren&#8220; text=&#8220;Motorradtouren&#8220; css_animation=&#8220;fadeIn&#8220;][\/vc_column_inner][vc_column_inner column_padding=&#8220;no-extra-padding&#8220; column_padding_position=&#8220;all&#8220; background_color_opacity=&#8220;1&#8243; background_hover_color_opacity=&#8220;1&#8243; column_shadow=&#8220;none&#8220; column_border_radius=&#8220;none&#8220; width=&#8220;1\/2&#8243; column_border_width=&#8220;none&#8220; column_border_style=&#8220;solid&#8220; offset=&#8220;vc_col-lg-6&#8243;][nectar_btn size=&#8220;large&#8220; button_style=&#8220;see-through-2&#8243; color_override=&#8220;#2892d7&#8243; hover_text_color_override=&#8220;#ffffff&#8220; icon_family=&#8220;none&#8220; url=&#8220;eindruecke&#8220; text=&#8220;Eindr\u00fccke&#8220; css_animation=&#8220;fadeIn&#8220;][\/vc_column_inner][\/vc_row_inner][\/vc_column][\/vc_row][vc_row type=&#8220;full_width_background&#8220; full_screen_row_position=&#8220;middle&#8220; bg_color=&#8220;#2892d7&#8243; scene_position=&#8220;center&#8220; text_color=&#8220;dark&#8220; text_align=&#8220;left&#8220; top_padding=&#8220;100&#8243; bottom_padding=&#8220;100&#8243; class=&#8220;color_box_blue_below_five_categories&#8220; enable_gradient=&#8220;true&#8220; color_overlay=&#8220;#2892d7&#8243; color_overlay_2=&#8220;#1d70a2&#8243; gradient_direction=&#8220;left_to_right&#8220; overlay_strength=&#8220;0.3&#8243; shape_divider_position=&#8220;bottom&#8220; shape_type=&#8220;&#8220;][vc_column column_padding=&#8220;no-extra-padding&#8220; column_padding_position=&#8220;all&#8220; background_color_opacity=&#8220;1&#8243; background_hover_color_opacity=&#8220;1&#8243; column_shadow=&#8220;none&#8220; column_border_radius=&#8220;none&#8220; width=&#8220;1\/1&#8243; tablet_text_alignment=&#8220;default&#8220; phone_text_alignment=&#8220;default&#8220; column_border_width=&#8220;none&#8220; column_border_style=&#8220;solid&#8220;][\/vc_column][\/vc_row][vc_row type=&#8220;full_width_content&#8220; full_screen_row_position=&#8220;middle&#8220; scene_position=&#8220;center&#8220; text_color=&#8220;dark&#8220; text_align=&#8220;left&#8220; top_padding=&#8220;0&#8243; id=&#8220;startseite-fuenfbox&#8220; overlay_strength=&#8220;0.3&#8243; shape_divider_position=&#8220;bottom&#8220; shape_type=&#8220;&#8220;][vc_column column_padding=&#8220;no-extra-padding&#8220; column_padding_position=&#8220;all&#8220; background_color_opacity=&#8220;1&#8243; background_hover_color_opacity=&#8220;1&#8243; column_shadow=&#8220;none&#8220; column_border_radius=&#8220;none&#8220; width=&#8220;1\/1&#8243; tablet_text_alignment=&#8220;default&#8220; phone_text_alignment=&#8220;default&#8220; column_border_width=&#8220;none&#8220; column_border_style=&#8220;solid&#8220;][vc_row_inner equal_height=&#8220;yes&#8220; column_margin=&#8220;default&#8220; text_align=&#8220;left&#8220;][vc_column_inner column_padding=&#8220;no-extra-padding&#8220; column_padding_position=&#8220;all&#8220; background_color_opacity=&#8220;1&#8243; background_hover_color_opacity=&#8220;1&#8243; column_shadow=&#8220;none&#8220; column_border_radius=&#8220;none&#8220; width=&#8220;1\/12&#8243; column_border_width=&#8220;none&#8220; column_border_style=&#8220;solid&#8220; offset=&#8220;vc_hidden-sm vc_hidden-xs&#8220;][\/vc_column_inner][vc_column_inner column_padding=&#8220;no-extra-padding&#8220; column_padding_position=&#8220;all&#8220; background_color=&#8220;#ffffff&#8220; background_color_opacity=&#8220;1&#8243; background_hover_color_opacity=&#8220;1&#8243; column_shadow=&#8220;none&#8220; column_border_radius=&#8220;none&#8220; el_class=&#8220;startseite-box-v1&#8243; width=&#8220;1\/6&#8243; column_border_width=&#8220;none&#8220; column_border_style=&#8220;solid&#8220;][fancy_box box_style=&#8220;parallax_hover&#8220; icon_family=&#8220;none&#8220; image_url=&#8220;52&#8243; color_scheme=&#8220;dark&#8220; secondary_content=&#8220;&#8220; min_height=&#8220;350&#8243; link_url=&#8220;freizeit-kultur&#8220;]\n<h2>Freizeit &amp; Kultur<\/h2>\n[\/fancy_box][\/vc_column_inner][vc_column_inner column_padding=&#8220;no-extra-padding&#8220; column_padding_position=&#8220;all&#8220; background_color_opacity=&#8220;1&#8243; background_hover_color_opacity=&#8220;1&#8243; column_shadow=&#8220;none&#8220; column_border_radius=&#8220;none&#8220; el_class=&#8220;startseite-box-v2&#8243; width=&#8220;1\/6&#8243; column_border_width=&#8220;none&#8220; column_border_style=&#8220;solid&#8220;][fancy_box box_style=&#8220;parallax_hover&#8220; icon_family=&#8220;none&#8220; image_url=&#8220;54&#8243; color_scheme=&#8220;dark&#8220; secondary_content=&#8220;&#8220; min_height=&#8220;350&#8243; link_url=&#8220;radfahren&#8220;]\n<h2>Radfahren<\/h2>\n[\/fancy_box][\/vc_column_inner][vc_column_inner column_padding=&#8220;no-extra-padding&#8220; column_padding_position=&#8220;all&#8220; background_color_opacity=&#8220;1&#8243; background_hover_color_opacity=&#8220;1&#8243; column_shadow=&#8220;none&#8220; column_border_radius=&#8220;none&#8220; el_class=&#8220;startseite-box-v3&#8243; width=&#8220;1\/6&#8243; column_border_width=&#8220;none&#8220; column_border_style=&#8220;solid&#8220;][fancy_box box_style=&#8220;parallax_hover&#8220; icon_family=&#8220;none&#8220; image_url=&#8220;53&#8243; color_scheme=&#8220;dark&#8220; secondary_content=&#8220;&#8220; min_height=&#8220;350&#8243; link_url=&#8220;wandern-klettern&#8220;]\n<h2>Wandern &amp; Klettern<\/h2>\n[\/fancy_box][\/vc_column_inner][vc_column_inner column_padding=&#8220;no-extra-padding&#8220; column_padding_position=&#8220;all&#8220; background_color_opacity=&#8220;1&#8243; background_hover_color_opacity=&#8220;1&#8243; column_shadow=&#8220;none&#8220; column_border_radius=&#8220;none&#8220; el_class=&#8220;startseite-box-v4&#8243; width=&#8220;1\/6&#8243; column_border_width=&#8220;none&#8220; column_border_style=&#8220;solid&#8220;][fancy_box box_style=&#8220;parallax_hover&#8220; icon_family=&#8220;none&#8220; image_url=&#8220;1005&#8243; color_scheme=&#8220;dark&#8220; secondary_content=&#8220;&#8220; min_height=&#8220;350&#8243; link_url=&#8220;rund-ums-wasser&#8220;]\n<h2>Rund ums Wasser<\/h2>\n[\/fancy_box][\/vc_column_inner][vc_column_inner column_padding=&#8220;no-extra-padding&#8220; column_padding_position=&#8220;all&#8220; background_color_opacity=&#8220;1&#8243; background_hover_color_opacity=&#8220;1&#8243; column_shadow=&#8220;none&#8220; column_border_radius=&#8220;none&#8220; el_class=&#8220;startseite-box-v5&#8243; width=&#8220;1\/6&#8243; column_border_width=&#8220;none&#8220; column_border_style=&#8220;solid&#8220;][fancy_box box_style=&#8220;parallax_hover&#8220; icon_family=&#8220;none&#8220; image_url=&#8220;1007&#8243; color_scheme=&#8220;dark&#8220; secondary_content=&#8220;&#8220; min_height=&#8220;350&#8243; link_url=&#8220;motorrad&#8220;]\n<h2>Motorrad<\/h2>\n[\/fancy_box][\/vc_column_inner][vc_column_inner column_padding=&#8220;no-extra-padding&#8220; column_padding_position=&#8220;all&#8220; background_color_opacity=&#8220;1&#8243; background_hover_color_opacity=&#8220;1&#8243; column_shadow=&#8220;none&#8220; column_border_radius=&#8220;none&#8220; width=&#8220;1\/12&#8243; column_border_width=&#8220;none&#8220; column_border_style=&#8220;solid&#8220; offset=&#8220;vc_hidden-sm vc_hidden-xs&#8220;][\/vc_column_inner][\/vc_row_inner][\/vc_column][\/vc_row]\n","protected":false},"excerpt":{"rendered":"<p>[vc_row type=&#8220;full_width_content&#8220; full_screen_row_position=&#8220;middle&#8220; equal_height=&#8220;yes&#8220; content_placement=&#8220;middle&#8220; bg_color=&#8220;#ffffff&#8220; scene_position=&#8220;center&#8220; text_color=&#8220;dark&#8220; text_align=&#8220;left&#8220; overlay_strength=&#8220;0.3&#8243; shape_divider_position=&#8220;bottom&#8220;][v&#8230;<\/p>\n","protected":false},"author":1,"featured_media":0,"parent":0,"menu_order":0,"comment_status":"closed","ping_status":"closed","template":"","meta":[],"acf":[],"publishpress_future_action":{"enabled":false,"date":"0","action":"","terms":[],"taxonomy":""},"_links":{"self":[{"href":"https:\/\/lavamuend.smd-test.at\/de_DE\/wp-json\/wp\/v2\/pages\/361"}],"collection":[{"href":"https:\/\/lavamuend.smd-test.at\/de_DE\/wp-json\/wp\/v2\/pages"}],"about":[{"href":"https:\/\/lavamuend.smd-test.at\/de_DE\/wp-json\/wp\/v2\/types\/page"}],"author":[{"embeddable":true,"href":"https:\/\/lavamuend.smd-test.at\/de_DE\/wp-json\/wp\/v2\/users\/1"}],"replies":[{"embeddable":true,"href":"https:\/\/lavamuend.smd-test.at\/de_DE\/wp-json\/wp\/v2\/comments?post=361"}],"version-history":[{"count":17,"href":"https:\/\/lavamuend.smd-test.at\/de_DE\/wp-json\/wp\/v2\/pages\/361\/revisions"}],"predecessor-version":[{"id":1413,"href":"https:\/\/lavamuend.smd-test.at\/de_DE\/wp-json\/wp\/v2\/pages\/361\/revisions\/1413"}],"wp:attachment":[{"href":"https:\/\/lavamuend.smd-test.at\/de_DE\/wp-json\/wp\/v2\/media?parent=361"}],"curies":[{"name":"wp","href":"https:\/\/api.w.org\/{rel}","templated":true}]}}