{"id":582,"date":"2018-06-15T10:26:24","date_gmt":"2018-06-15T08:26:24","guid":{"rendered":"http:\/\/localhost\/06_Juni_2018\/tourismusverein_lavamuend\/_website_v1\/?page_id=582"},"modified":"2019-07-09T11:00:39","modified_gmt":"2019-07-09T09:00:39","slug":"motorradtouren","status":"publish","type":"page","link":"https:\/\/lavamuend.smd-test.at\/de_DE\/motorradtouren\/","title":{"rendered":"Motorradtouren"},"content":{"rendered":"[vc_row type=&#8220;full_width_background&#8220; full_screen_row_position=&#8220;middle&#8220; bg_color=&#8220;#2892d7&#8243; scene_position=&#8220;center&#8220; text_color=&#8220;dark&#8220; text_align=&#8220;left&#8220; top_padding=&#8220;100&#8243; bottom_padding=&#8220;100&#8243; enable_gradient=&#8220;true&#8220; color_overlay=&#8220;#2892d7&#8243; color_overlay_2=&#8220;#1d70a2&#8243; gradient_direction=&#8220;left_to_right&#8220; overlay_strength=&#8220;0.3&#8243; shape_divider_position=&#8220;bottom&#8220; shape_type=&#8220;&#8220;][vc_column column_padding=&#8220;no-extra-padding&#8220; column_padding_position=&#8220;all&#8220; background_color_opacity=&#8220;1&#8243; background_hover_color_opacity=&#8220;1&#8243; column_shadow=&#8220;none&#8220; column_border_radius=&#8220;none&#8220; width=&#8220;1\/1&#8243; tablet_text_alignment=&#8220;default&#8220; phone_text_alignment=&#8220;default&#8220; column_border_width=&#8220;none&#8220; column_border_style=&#8220;solid&#8220;][\/vc_column][\/vc_row][vc_row type=&#8220;in_container&#8220; full_screen_row_position=&#8220;middle&#8220; bg_color=&#8220;#ffffff&#8220; scene_position=&#8220;center&#8220; text_color=&#8220;dark&#8220; text_align=&#8220;left&#8220; top_padding=&#8220;3%&#8220; bottom_padding=&#8220;3%&#8220; translate_y=&#8220;-50&#8243; zindex=&#8220;100&#8243; overlay_strength=&#8220;0.3&#8243; shape_divider_position=&#8220;bottom&#8220; shape_type=&#8220;&#8220;][vc_column column_padding=&#8220;no-extra-padding&#8220; column_padding_position=&#8220;all&#8220; background_color_opacity=&#8220;1&#8243; background_hover_color_opacity=&#8220;1&#8243; column_shadow=&#8220;none&#8220; column_border_radius=&#8220;none&#8220; width=&#8220;1\/1&#8243; tablet_text_alignment=&#8220;default&#8220; phone_text_alignment=&#8220;default&#8220; column_border_width=&#8220;none&#8220; column_border_style=&#8220;solid&#8220;][heading subtitle=&#8220;Hier finden Sie eine Auswahl von kulinarischen Betrieben&#8220;]\n<h1>Motorradtouren<\/h1>\n[\/heading][\/vc_column][\/vc_row][vc_row type=&#8220;in_container&#8220; full_screen_row_position=&#8220;middle&#8220; scene_position=&#8220;center&#8220; text_color=&#8220;dark&#8220; text_align=&#8220;left&#8220; overlay_strength=&#8220;0.3&#8243; shape_divider_position=&#8220;bottom&#8220;][vc_column column_padding=&#8220;no-extra-padding&#8220; column_padding_position=&#8220;all&#8220; background_color_opacity=&#8220;1&#8243; background_hover_color_opacity=&#8220;1&#8243; column_shadow=&#8220;none&#8220; column_border_radius=&#8220;none&#8220; width=&#8220;1\/1&#8243; tablet_text_alignment=&#8220;default&#8220; phone_text_alignment=&#8220;default&#8220; column_border_width=&#8220;none&#8220; column_border_style=&#8220;solid&#8220;][vc_row_inner column_margin=&#8220;default&#8220; text_align=&#8220;left&#8220;][vc_column_inner column_padding=&#8220;no-extra-padding&#8220; column_padding_position=&#8220;all&#8220; background_color_opacity=&#8220;1&#8243; background_hover_color_opacity=&#8220;1&#8243; column_shadow=&#8220;none&#8220; column_border_radius=&#8220;none&#8220; width=&#8220;1\/2&#8243; column_border_width=&#8220;none&#8220; column_border_style=&#8220;solid&#8220;][nectar_animated_title heading_tag=&#8220;h2&#8243; style=&#8220;color-strip-reveal&#8220; color=&#8220;Accent-Color&#8220; text=&#8220;Bundesl\u00e4ndertour&#8220;][vc_column_text]Die Bundesl\u00e4ndertour K\u00e4rnten \u2013 Steiermark hat den Ausgangs- und Zielort Lavam\u00fcnd und f\u00fchrt durch eine sehr abwechslungsreiche, sch\u00f6ne und leicht zu befahrene Strecke.<\/p>\n<p>Der Aufstieg durch den L\u00f6llinger Graben zum Klippitzt\u00f6rl, die Koralpe und die Soboth bieten wundersch\u00f6ne Aussichtspunkte w\u00e4hrend der Fahrt. Die Sobother Bundesstra\u00dfe, im &#8222;Bikerdeutsch&#8220; liebevoll &#8222;Route 69&#8220; genannt, ist eine sehr kurvenreiche und attraktive Ausflugsstrecke, die den Abschluss dieser ausgiebigen Tour bildet.<\/p>\n<p><strong>L\u00e4nge:<\/strong>\u00a0200 km<br \/>\n<strong>Dauer:\u00a0<\/strong>ca. 5 Stunden<br \/>\n<strong>Tiefster Punkt:<\/strong>\u00a0Lavam\u00fcnd (344 m)<br \/>\n<strong>H\u00f6chster Punkt:<\/strong>\u00a0Klippitzt\u00f6rl (1.644 m)<\/p>\n<p><strong>Streckenf\u00fchrung:<\/strong><br \/>\nStart: Lavam\u00fcnd &#8211; Ruden \u2013 Griffen \u2013 Haimburg \u2013 Mittertrixen \u2013 Klein St. Veit \u2013 Br\u00fcckl \u2013 Eberstein \u2013 Klein St. Paul \u2013 Wieting \u2013 L\u00f6llinger Graben \u2013 Klippitzt\u00f6rl \u2013 Bad St. Leonhard \u2013 Preitenegg \u2013 Kloster \u2013 Deutschlandsberg \u2013 Schwanberg \u2013 Eibiswald \u2013 Aibl \u2013 St. Oswald ob Eibiswald \u2013 Soboth &#8211; Ende: Lavam\u00fcnd<\/p>\n<p><strong>Besonderheiten<\/strong>: Zahlreiche M\u00f6glichkeiten f\u00fcr Pausen und Besichtigungen von Sehensw\u00fcrdigkeiten, Tankstellen sowie Werkst\u00e4tten sind auf dieser Strecke in ausreichender Anzahl vorhanden.<\/p>\n[\/vc_column_text][split_line_heading]<strong>Unser Fazit<\/strong>:<br \/>\nEmpfehlenswert, sehr gut befahrbar, motorradfreundlich, interessante Motorradstrecke, eine der sch\u00f6nsten Routen von K\u00e4rnten und Steiermark[\/split_line_heading][divider line_type=&#8220;Full Width Line&#8220; line_thickness=&#8220;1&#8243; divider_color=&#8220;extra-color-2&#8243; animate=&#8220;yes&#8220; custom_height=&#8220;30&#8243;][nectar_animated_title heading_tag=&#8220;h2&#8243; style=&#8220;color-strip-reveal&#8220; color=&#8220;Accent-Color&#8220; text=&#8220;K\u00e4rntner Seentour&#8220;][vc_custom_heading text=&#8220;TIPP &#8211; Diese Route ist eine der sch\u00f6nsten in ganz \u00d6sterreich und f\u00fchrt direkt vorbei an zahlreichen K\u00e4rntner Seen, die bei der Rundfahrt nat\u00fcrlich zum kurzen Verweilen und Entspannen oder einen Sprung ins kalte Nass einladen.&#8220; font_container=&#8220;tag:h4|text_align:left&#8220; google_fonts=&#8220;font_family:Roboto%20Slab%3A100%2C300%2Cregular%2C700|font_style:400%20regular%3A400%3Anormal&#8220; css=&#8220;.vc_custom_1529052074784{margin-bottom: 15px !important;padding-top: 10px !important;padding-right: 10px !important;padding-bottom: 10px !important;padding-left: 10px !important;background-color: #f9f9f9 !important;}&#8220;][vc_column_text]Die Durchfahrt in die renommierten Seengebiete wie Klopeiner See, W\u00f6rthersee und Faaker See werden mit einer \u00dcberquerung des kurvenreichen und abwechslungsreichen Griffner Berges erg\u00e4nzt. Die K\u00e4rntner Seentour ist eine leicht zu befahrene Strecke, die Sie nie vergessen werden&#8230;<\/p>\n<p><strong>L\u00e4nge:<\/strong>\u00a0270 km<br \/>\n<strong>Dauer:\u00a0<\/strong>ca. 6 &#8211; 7 Stunden<br \/>\n<strong>Tiefster Punkt:<\/strong>\u00a0Lavam\u00fcnd (344 m)<br \/>\n<strong>H\u00f6chster Punkt:<\/strong>\u00a0Griffner Berg (705 m)<\/p>\n<p><strong>Streckenf\u00fchrung:<\/strong><br \/>\nStart: Lavam\u00fcnd &#8211; Bleiburg \u2013 St. Stefan \u2013 Sittersdorf \u2013 G\u00f6sseldorfer See \u2013 Eberndorf \u2013 Klopeiner See \u2013 Sankt Kanzian \u2013 Gallizien \u2013 Annabr\u00fccke \u2013 Mieger \u2013 Ebenthal \u2013 Viktring \u2013 Rauschelesee \u2013 Keutschacher See \u2013 Hafnersee \u2013 Velden am W\u00f6rthersee \u2013 Faaker See \u2013 Villach \u2013 Ossiacher See \u2013 Feldkirchen \u2013 St. Veit \u2013 L\u00e4ngsee \u2013 Br\u00fcckl \u2013 Mittertrixen \u2013 Haimburg \u2013 Griffner Berg \u2013 Granitztal \u2013 St. Paul im Lavanttal &#8211; Ende: Lavam\u00fcnd<\/p>\n<p><strong>Besonderheiten:<\/strong>\u00a0Viele K\u00e4rntner Seen. Ausgezeichnetes Angebot f\u00fcr Pausen zwischendurch. Aussichtspunkte, die zum Genie\u00dfen und Verweilen einladen![\/vc_column_text][split_line_heading]<strong>Unser Fazit<\/strong><\/p>\n<p>Besser geht nicht! Ein Muss f\u00fcr jeden Motorradfahrer und einmal mehr zeigt sich \u2013 Lavam\u00fcnd ist ein idealer Ausgangspunkt f\u00fcr Ihre Motorradtouren![\/split_line_heading][divider line_type=&#8220;Full Width Line&#8220; line_thickness=&#8220;1&#8243; divider_color=&#8220;extra-color-2&#8243; animate=&#8220;yes&#8220; custom_height=&#8220;30&#8243;][\/vc_column_inner][vc_column_inner column_padding=&#8220;no-extra-padding&#8220; column_padding_position=&#8220;all&#8220; background_color_opacity=&#8220;1&#8243; background_hover_color_opacity=&#8220;1&#8243; column_shadow=&#8220;none&#8220; column_border_radius=&#8220;none&#8220; el_class=&#8220;betrieb_single_view_right&#8220; width=&#8220;1\/2&#8243; column_border_width=&#8220;none&#8220; column_border_style=&#8220;solid&#8220;][nectar_animated_title heading_tag=&#8220;h2&#8243; style=&#8220;color-strip-reveal&#8220; color=&#8220;Accent-Color&#8220; text=&#8220;Dreil\u00e4ndertour&#8220;][vc_column_text]Diese abwechslungsreiche und interessante Tour f\u00fchrt nach einigen Kilometern in K\u00e4rnten \u00fcber die Sobother Bundesstra\u00dfe gleich in die Steiermark und \u00fcber die \u00f6sterreichisch &#8211; slowenische Grenze nach Marburg bis Dravograd (Unterdrauburg)\u00a0 und zur\u00fcck nach Lavam\u00fcnd.<\/p>\n<p><strong>L\u00e4nge:<\/strong>\u00a0220 km<br \/>\n<strong>Dauer:\u00a0<\/strong>ca. 5 &#8211; 6 Stunden<br \/>\n<strong>Tiefster Punkt:<\/strong>\u00a0Maribor\/Marburg (274 m)<br \/>\n<strong>H\u00f6chster Punkt:<\/strong>\u00a0Soboth (1.349 m)<\/p>\n<p><strong>Streckenf\u00fchrung:<\/strong><br \/>\nStart: Lavam\u00fcnd &#8211; Soboth \u2013 Eibiswald \u2013 Arnfels \u2013 Leutschach \u2013 Gamlitz . Ehrenhausen \u2013 Strass \u2013 Mureck \u2013 Halbenrain \u2013 Gornja Radgonc \u2013 Maribor \u2013 Radlje \u2013 Muta &#8211; Dravograd &#8211; Ende: Lavam\u00fcnd<\/p>\n<p><strong>Besonderheiten:<\/strong>\u00a0Zahlreiche Einrichtungen f\u00fcr Motorradliebhaber entlang der Strecke, spezielle Angebote, Bikertreffen, Bikerveranstaltungen, uvm.[\/vc_column_text][split_line_heading]<strong>Unser Fazit<\/strong><\/p>\n<p>Diese Strecke bietet den besonderen Spassfaktor! Empfehlenswert, gut befahrbar, motorradfreundlich, interessante Streckenf\u00fchrung[\/split_line_heading][divider line_type=&#8220;Full Width Line&#8220; line_thickness=&#8220;1&#8243; divider_color=&#8220;extra-color-2&#8243; animate=&#8220;yes&#8220; custom_height=&#8220;30&#8243;][nectar_animated_title heading_tag=&#8220;h2&#8243; style=&#8220;color-strip-reveal&#8220; color=&#8220;Accent-Color&#8220; text=&#8220;Tour Koralpe &#8211; Soboth&#8220;][vc_column_text]Die Strecke beginnt mit der \u00dcberfahrt der Grutschen und des Griffnerberges schon mit einem Highlight. Die Fahrt \u00fcber die Weinebene in die S\u00fcdsteiermark bietet die n\u00e4chste eindrucksvolle Attraktion. Die Route f\u00fchrt dann auf die &#8222;Route 69&#8220;, die Sobother Bundesstra\u00dfe. Mit einem anspruchsvollen, kurvenreichen Anstieg auf die Soboth und einer gem\u00e4chlichen Abfahrt zum Ausgangspunkt Lavam\u00fcnd endet der wundersch\u00f6ne Motorradtag gem\u00fctlich.<\/p>\n<p><strong>L\u00e4nge:<\/strong>\u00a0160 km<br \/>\n<strong>Dauer:\u00a0<\/strong>ca. 4 &#8211; 5 Stunden<br \/>\n<strong>Tiefster Punkt:<\/strong>\u00a0Lavam\u00fcnd (344 m)<br \/>\n<strong>H\u00f6chster Punkt:<\/strong>\u00a0Weinebene (1.650 m)<\/p>\n<p><strong>Streckenf\u00fchrung:<\/strong><br \/>\nStart: Lavam\u00fcnd &#8211; St. Paul im Lavanttal \u2013 Granitztal \u2013 Grutschen \u2013 Lind Griffen \u2013 Griffnerberg \u2013 Sch\u00f6nweg \u2013 St. Andr\u00e4 \u2013 Wolfsberg \u2013 Frantschach \u2013 St. Gertraud \u2013 Fra\u00df \u2013 Weinebene \u2013 Glash\u00fctten \u2013 Deutschlandsberg \u2013 Schwanberg \u2013 Eibiswald \u2013 Soboth &#8211; Ende: Lavam\u00fcnd<\/p>\n<p><strong>Besonderheiten:<\/strong>\u00a0H\u00f6hen und Tiefen im positiven Sinne sind auf dieser Strecke mehrmals vorhanden \u2013 reizvoll f\u00fcr alle Motorradfans. Zahlreiche Ausblicks- und Ausflugsziele sowie Sehensw\u00fcrdigkeiten sind entlang dieser Strecke vorzufinden. Empfehlenswert allemal durch die sehr interessante Streckenf\u00fchrung.[\/vc_column_text][split_line_heading]<strong>Unser Fazit<\/strong><\/p>\n<p>Fahren, staunen, genie\u00dfen und die Erinnerungen lange nicht vergessen![\/split_line_heading][divider line_type=&#8220;Full Width Line&#8220; line_thickness=&#8220;1&#8243; divider_color=&#8220;extra-color-2&#8243; animate=&#8220;yes&#8220; custom_height=&#8220;30&#8243;][nectar_animated_title heading_tag=&#8220;h2&#8243; style=&#8220;color-strip-reveal&#8220; color=&#8220;Accent-Color&#8220; text=&#8220;Tour S\u00fcdk\u00e4rnten&#8220;][vc_column_text]Die Tour S\u00fcdk\u00e4rnten ist sehr abwechslungsreich und f\u00fchrt teilweise entlang kurvenreicher Stra\u00dfen. Wer S\u00fcdk\u00e4rnten nicht kennt, kennt es sp\u00e4testens nach dieser Rundfahrt. Die Fahrt von Bad Eisenkappel \u00fcber den Schaidasattel nach Zell Pfarre wird Ihnen wegen der atemberaubenden Natur sehr lange in Erinnerung bleiben.<\/p>\n<p><strong>L\u00e4nge:<\/strong>\u00a0150 km<br \/>\n<strong>Dauer:\u00a0<\/strong>ca. 4\u00a0 Stunden<br \/>\n<strong>Tiefster Punkt:<\/strong>\u00a0Lavam\u00fcnd (344 m)<br \/>\n<strong>H\u00f6chster Punkt:<\/strong>\u00a0Schaidasattel (1.068 m)<\/p>\n<p><strong>Streckenf\u00fchrung:<\/strong><br \/>\nStart: Lavam\u00fcnd &#8211; Bleiburg \u2013 Sittersdorf \u2013 Bad Eisenkappel \u2013 Schaidasattel \u2013 Zell Pfarre \u2013 Ferlach \u2013 St. Margarethen im Rosental \u2013 Sittersdorf \u2013 Ebernsdorf \u2013 K\u00fchnsdorf \u2013 Mittlern \u2013 Bleiburg &#8211; Ende: Lavam\u00fcnd<\/p>\n<p><strong>Besonderheiten:<\/strong>\u00a0Wundersch\u00f6ne Aussichtspunkte, abwechslungsreich, Natur pur, ein besonderes Erlebnis f\u00fcr jeden Motorradfahrer[\/vc_column_text][split_line_heading]<strong>Unser Fazit<\/strong><\/p>\n<p>Viel Aussicht f\u00fcr Ihr Motorrad, und vor allem f\u00fcr Sie![\/split_line_heading][\/vc_column_inner][\/vc_row_inner][\/vc_column][\/vc_row][vc_row type=&#8220;in_container&#8220; full_screen_row_position=&#8220;middle&#8220; scene_position=&#8220;center&#8220; text_color=&#8220;dark&#8220; text_align=&#8220;left&#8220; top_padding=&#8220;4%&#8220; bottom_padding=&#8220;3.5%&#8220; id=&#8220;six-button-area-full-width&#8220; overlay_strength=&#8220;0.3&#8243; shape_divider_position=&#8220;bottom&#8220; shape_type=&#8220;&#8220;][vc_column column_padding=&#8220;no-extra-padding&#8220; column_padding_position=&#8220;all&#8220; background_color_opacity=&#8220;1&#8243; background_hover_color_opacity=&#8220;1&#8243; column_shadow=&#8220;none&#8220; column_border_radius=&#8220;none&#8220; width=&#8220;1\/1&#8243; tablet_text_alignment=&#8220;default&#8220; phone_text_alignment=&#8220;default&#8220; column_border_width=&#8220;none&#8220; column_border_style=&#8220;solid&#8220;][split_line_heading]\n<h2 style=\"text-align: center;\">Weitere Informationen<\/h2>\n[\/split_line_heading][vc_row_inner equal_height=&#8220;yes&#8220; content_placement=&#8220;middle&#8220; column_margin=&#8220;default&#8220; text_align=&#8220;left&#8220;][vc_column_inner column_padding=&#8220;no-extra-padding&#8220; column_padding_position=&#8220;all&#8220; background_color_opacity=&#8220;1&#8243; background_hover_color_opacity=&#8220;1&#8243; column_shadow=&#8220;none&#8220; column_border_radius=&#8220;none&#8220; width=&#8220;1\/2&#8243; column_border_width=&#8220;none&#8220; column_border_style=&#8220;solid&#8220; offset=&#8220;vc_col-lg-6&#8243;][nectar_btn size=&#8220;large&#8220; button_style=&#8220;see-through-2&#8243; color_override=&#8220;#2892d7&#8243; hover_text_color_override=&#8220;#ffffff&#8220; icon_family=&#8220;none&#8220; url=&#8220;motorradtouren&#8220; text=&#8220;Motorradtouren&#8220; css_animation=&#8220;fadeIn&#8220;][\/vc_column_inner][vc_column_inner column_padding=&#8220;no-extra-padding&#8220; column_padding_position=&#8220;all&#8220; background_color_opacity=&#8220;1&#8243; background_hover_color_opacity=&#8220;1&#8243; column_shadow=&#8220;none&#8220; column_border_radius=&#8220;none&#8220; width=&#8220;1\/2&#8243; column_border_width=&#8220;none&#8220; column_border_style=&#8220;solid&#8220; offset=&#8220;vc_col-lg-6&#8243;][nectar_btn size=&#8220;large&#8220; button_style=&#8220;see-through-2&#8243; color_override=&#8220;#2892d7&#8243; hover_text_color_override=&#8220;#ffffff&#8220; icon_family=&#8220;none&#8220; url=&#8220;eindruecke&#8220; text=&#8220;Eindr\u00fccke&#8220; css_animation=&#8220;fadeIn&#8220;][\/vc_column_inner][\/vc_row_inner][\/vc_column][\/vc_row][vc_row type=&#8220;full_width_background&#8220; full_screen_row_position=&#8220;middle&#8220; bg_color=&#8220;#2892d7&#8243; scene_position=&#8220;center&#8220; text_color=&#8220;dark&#8220; text_align=&#8220;left&#8220; top_padding=&#8220;100&#8243; bottom_padding=&#8220;100&#8243; enable_gradient=&#8220;true&#8220; color_overlay=&#8220;#2892d7&#8243; color_overlay_2=&#8220;#1d70a2&#8243; gradient_direction=&#8220;left_to_right&#8220; overlay_strength=&#8220;0.3&#8243; shape_divider_position=&#8220;bottom&#8220; shape_type=&#8220;&#8220;][vc_column column_padding=&#8220;no-extra-padding&#8220; column_padding_position=&#8220;all&#8220; background_color_opacity=&#8220;1&#8243; background_hover_color_opacity=&#8220;1&#8243; column_shadow=&#8220;none&#8220; column_border_radius=&#8220;none&#8220; width=&#8220;1\/1&#8243; tablet_text_alignment=&#8220;default&#8220; phone_text_alignment=&#8220;default&#8220; column_border_width=&#8220;none&#8220; column_border_style=&#8220;solid&#8220;][\/vc_column][\/vc_row][vc_row type=&#8220;full_width_content&#8220; full_screen_row_position=&#8220;middle&#8220; scene_position=&#8220;center&#8220; text_color=&#8220;dark&#8220; text_align=&#8220;left&#8220; top_padding=&#8220;0&#8243; id=&#8220;startseite-fuenfbox&#8220; overlay_strength=&#8220;0.3&#8243; shape_divider_position=&#8220;bottom&#8220; shape_type=&#8220;&#8220;][vc_column column_padding=&#8220;no-extra-padding&#8220; column_padding_position=&#8220;all&#8220; background_color_opacity=&#8220;1&#8243; background_hover_color_opacity=&#8220;1&#8243; column_shadow=&#8220;none&#8220; column_border_radius=&#8220;none&#8220; width=&#8220;1\/1&#8243; tablet_text_alignment=&#8220;default&#8220; phone_text_alignment=&#8220;default&#8220; column_border_width=&#8220;none&#8220; column_border_style=&#8220;solid&#8220;][vc_row_inner equal_height=&#8220;yes&#8220; column_margin=&#8220;default&#8220; text_align=&#8220;left&#8220;][vc_column_inner column_padding=&#8220;no-extra-padding&#8220; column_padding_position=&#8220;all&#8220; background_color_opacity=&#8220;1&#8243; background_hover_color_opacity=&#8220;1&#8243; column_shadow=&#8220;none&#8220; column_border_radius=&#8220;none&#8220; width=&#8220;1\/12&#8243; column_border_width=&#8220;none&#8220; column_border_style=&#8220;solid&#8220; offset=&#8220;vc_hidden-sm vc_hidden-xs&#8220;][\/vc_column_inner][vc_column_inner column_padding=&#8220;no-extra-padding&#8220; column_padding_position=&#8220;all&#8220; background_color=&#8220;#ffffff&#8220; background_color_opacity=&#8220;1&#8243; background_hover_color_opacity=&#8220;1&#8243; column_shadow=&#8220;none&#8220; column_border_radius=&#8220;none&#8220; el_class=&#8220;startseite-box-v1&#8243; width=&#8220;1\/6&#8243; column_border_width=&#8220;none&#8220; column_border_style=&#8220;solid&#8220;][fancy_box box_style=&#8220;parallax_hover&#8220; icon_family=&#8220;none&#8220; image_url=&#8220;52&#8243; color_scheme=&#8220;dark&#8220; secondary_content=&#8220;&#8220; min_height=&#8220;350&#8243; link_url=&#8220;freizeit-kultur&#8220;]\n<h2>Freizeit &amp; Kultur<\/h2>\n[\/fancy_box][\/vc_column_inner][vc_column_inner column_padding=&#8220;no-extra-padding&#8220; column_padding_position=&#8220;all&#8220; background_color_opacity=&#8220;1&#8243; background_hover_color_opacity=&#8220;1&#8243; column_shadow=&#8220;none&#8220; column_border_radius=&#8220;none&#8220; el_class=&#8220;startseite-box-v2&#8243; width=&#8220;1\/6&#8243; column_border_width=&#8220;none&#8220; column_border_style=&#8220;solid&#8220;][fancy_box box_style=&#8220;parallax_hover&#8220; icon_family=&#8220;none&#8220; image_url=&#8220;54&#8243; color_scheme=&#8220;dark&#8220; secondary_content=&#8220;&#8220; min_height=&#8220;350&#8243; link_url=&#8220;radfahren&#8220;]\n<h2>Radfahren<\/h2>\n[\/fancy_box][\/vc_column_inner][vc_column_inner column_padding=&#8220;no-extra-padding&#8220; column_padding_position=&#8220;all&#8220; background_color_opacity=&#8220;1&#8243; background_hover_color_opacity=&#8220;1&#8243; column_shadow=&#8220;none&#8220; column_border_radius=&#8220;none&#8220; el_class=&#8220;startseite-box-v3&#8243; width=&#8220;1\/6&#8243; column_border_width=&#8220;none&#8220; column_border_style=&#8220;solid&#8220;][fancy_box box_style=&#8220;parallax_hover&#8220; icon_family=&#8220;none&#8220; image_url=&#8220;53&#8243; color_scheme=&#8220;dark&#8220; secondary_content=&#8220;&#8220; min_height=&#8220;350&#8243; link_url=&#8220;wandern-klettern&#8220;]\n<h2>Wandern &amp; Klettern<\/h2>\n[\/fancy_box][\/vc_column_inner][vc_column_inner column_padding=&#8220;no-extra-padding&#8220; column_padding_position=&#8220;all&#8220; background_color_opacity=&#8220;1&#8243; background_hover_color_opacity=&#8220;1&#8243; column_shadow=&#8220;none&#8220; column_border_radius=&#8220;none&#8220; el_class=&#8220;startseite-box-v4&#8243; width=&#8220;1\/6&#8243; column_border_width=&#8220;none&#8220; column_border_style=&#8220;solid&#8220;][fancy_box box_style=&#8220;parallax_hover&#8220; icon_family=&#8220;none&#8220; image_url=&#8220;1005&#8243; color_scheme=&#8220;dark&#8220; secondary_content=&#8220;&#8220; min_height=&#8220;350&#8243; link_url=&#8220;rund-ums-wasser&#8220;]\n<h2>Rund ums Wasser<\/h2>\n[\/fancy_box][\/vc_column_inner][vc_column_inner column_padding=&#8220;no-extra-padding&#8220; column_padding_position=&#8220;all&#8220; background_color_opacity=&#8220;1&#8243; background_hover_color_opacity=&#8220;1&#8243; column_shadow=&#8220;none&#8220; column_border_radius=&#8220;none&#8220; el_class=&#8220;startseite-box-v5&#8243; width=&#8220;1\/6&#8243; column_border_width=&#8220;none&#8220; column_border_style=&#8220;solid&#8220;][fancy_box box_style=&#8220;parallax_hover&#8220; icon_family=&#8220;none&#8220; image_url=&#8220;1007&#8243; color_scheme=&#8220;dark&#8220; secondary_content=&#8220;&#8220; min_height=&#8220;350&#8243; link_url=&#8220;motorrad&#8220;]\n<h2>Motorrad<\/h2>\n[\/fancy_box][\/vc_column_inner][vc_column_inner column_padding=&#8220;no-extra-padding&#8220; column_padding_position=&#8220;all&#8220; background_color_opacity=&#8220;1&#8243; background_hover_color_opacity=&#8220;1&#8243; column_shadow=&#8220;none&#8220; column_border_radius=&#8220;none&#8220; width=&#8220;1\/12&#8243; column_border_width=&#8220;none&#8220; column_border_style=&#8220;solid&#8220; offset=&#8220;vc_hidden-sm vc_hidden-xs&#8220;][\/vc_column_inner][\/vc_row_inner][\/vc_column][\/vc_row]\n","protected":false},"excerpt":{"rendered":"<p>[vc_row type=&#8220;full_width_background&#8220; full_screen_row_position=&#8220;middle&#8220; bg_color=&#8220;#2892d7&#8243; scene_position=&#8220;center&#8220; text_color=&#8220;dark&#8220; text_align=&#8220;left&#8220; top_padding=&#8220;100&#8243; bottom_padding=&#8220;100&#8243; enable_gradient=&#8220;true&#8220; color_overlay=&#8220;#2892d7&#8243; color_overlay_&#8230;<\/p>\n","protected":false},"author":1,"featured_media":0,"parent":0,"menu_order":0,"comment_status":"closed","ping_status":"closed","template":"","meta":[],"acf":[],"publishpress_future_action":{"enabled":false,"date":"0","action":"","terms":[],"taxonomy":""},"_links":{"self":[{"href":"https:\/\/lavamuend.smd-test.at\/de_DE\/wp-json\/wp\/v2\/pages\/582"}],"collection":[{"href":"https:\/\/lavamuend.smd-test.at\/de_DE\/wp-json\/wp\/v2\/pages"}],"about":[{"href":"https:\/\/lavamuend.smd-test.at\/de_DE\/wp-json\/wp\/v2\/types\/page"}],"author":[{"embeddable":true,"href":"https:\/\/lavamuend.smd-test.at\/de_DE\/wp-json\/wp\/v2\/users\/1"}],"replies":[{"embeddable":true,"href":"https:\/\/lavamuend.smd-test.at\/de_DE\/wp-json\/wp\/v2\/comments?post=582"}],"version-history":[{"count":26,"href":"https:\/\/lavamuend.smd-test.at\/de_DE\/wp-json\/wp\/v2\/pages\/582\/revisions"}],"predecessor-version":[{"id":1357,"href":"https:\/\/lavamuend.smd-test.at\/de_DE\/wp-json\/wp\/v2\/pages\/582\/revisions\/1357"}],"wp:attachment":[{"href":"https:\/\/lavamuend.smd-test.at\/de_DE\/wp-json\/wp\/v2\/media?parent=582"}],"curies":[{"name":"wp","href":"https:\/\/api.w.org\/{rel}","templated":true}]}}